{"id":260,"date":"2025-01-20T15:05:16","date_gmt":"2025-01-20T14:05:16","guid":{"rendered":"https:\/\/skiservice-klostertal.at\/?page_id=260"},"modified":"2025-09-17T11:00:04","modified_gmt":"2025-09-17T09:00:04","slug":"datenschutz","status":"publish","type":"page","link":"https:\/\/skiservice-klostertal.at\/en\/datenschutz\/","title":{"rendered":"Datenschutz"},"content":{"rendered":"<div class=\"wpb-content-wrapper\"><p>[vc_row][vc_column][vc_column_text css=&#8221;&#8221;]Datenschutzerkl\u00e4rung<\/p>\n<p><strong>DATENSCHUTZ<\/strong><\/p>\n<p>Der Schutz der personenbezogenen Daten und Pers\u00f6nlichkeitsrechte unserer Vertragspartner ist uns ein gro\u00dfes Anliegen. Wir setzen alles daran, Daten zu sch\u00fctzen. Zu diesem Zweck setzen wir entsprechende Sicherheitssysteme ein und treffen Ma\u00dfnahmen.<\/p>\n<p>Wir ergreifen die technischen und organisatorischen Ma\u00dfnahmen, damit die Rechte der betroffenen Personen nach der DSGVO (Information, Auskunft, Berichtigung und L\u00f6schung, Daten\u00fcbertragbarkeit, Widerspruch sowie automatisierte Entscheidungsfindung im Einzelfall) innerhalb der gesetzlichen Fristen jederzeit erf\u00fcllt werden k\u00f6nnen.<\/p>\n<p>Die Datenschutzbestimmungen sind Teil unserer vertraglichen Vereinbarungen.<\/p>\n<p>Personenbezogene Daten werden von uns f\u00fcr die Abwicklung der Vertr\u00e4ge ben\u00f6tigt und f\u00fcr diese verwendet.<\/p>\n<p>Wir geben Personen (Datenbesitzern) auf Anfrage unentgeltlich Auskunft \u00fcber s\u00e4mtliche verarbeitete Daten. \u00dcber Aufforderung werden wir diese berichtigen, sperren oder l\u00f6schen.<\/p>\n<p>Die Kundendaten werden von uns an Dritte nicht weitergegeben, sofern dies nicht zur Vertragserf\u00fcllung notwendig oder rechtlich vorgeschrieben ist. Die Empf\u00e4nger werden von uns verpflichtet, den Datenschutz zu wahren und daf\u00fcr Sorge zu tragen, dass Daten nicht missbr\u00e4uchlich verwendet werden.<\/p>\n<p>Der von uns eingesetzte Infrastruktur und Mittel entsprechen den modernen Sicherheitsanforderungen. Entsprechend der aktuellen technischen M\u00f6glichkeiten besteht bestm\u00f6glicher Schutz der Daten. Wir weisen aber darauf hin, dass ein vollst\u00e4ndiger Schutz der Daten vor Missbrauch und Verlust nicht gew\u00e4hrleistet werden kann.[\/vc_column_text][\/vc_column][\/vc_row]<\/p>\n<\/div>","protected":false},"excerpt":{"rendered":"<p>[vc_row][vc_column][vc_column_text css=&#8221;&#8221;]Datenschutzerkl\u00e4rung DATENSCHUTZ Der Schutz der personenbezogenen Daten und Pers\u00f6nlichkeitsrechte unserer Vertragspartner ist uns ein gro\u00dfes Anliegen. Wir setzen alles [&hellip;]<\/p>\n","protected":false},"author":1,"featured_media":0,"parent":0,"menu_order":0,"comment_status":"closed","ping_status":"closed","template":"","meta":{"site-sidebar-layout":"default","site-content-layout":"","ast-site-content-layout":"default","site-content-style":"default","site-sidebar-style":"default","ast-global-header-display":"","ast-banner-title-visibility":"","ast-main-header-display":"","ast-hfb-above-header-display":"","ast-hfb-below-header-display":"","ast-hfb-mobile-header-display":"","site-post-title":"","ast-breadcrumbs-content":"","ast-featured-img":"","footer-sml-layout":"","ast-disable-related-posts":"","theme-transparent-header-meta":"","adv-header-id-meta":"","stick-header-meta":"","header-above-stick-meta":"","header-main-stick-meta":"","header-below-stick-meta":"","astra-migrate-meta-layouts":"default","ast-page-background-enabled":"default","ast-page-background-meta":{"desktop":{"background-color":"var(--ast-global-color-5)","background-image":"","background-repeat":"repeat","background-position":"center center","background-size":"auto","background-attachment":"scroll","background-type":"","background-media":"","overlay-type":"","overlay-color":"","overlay-opacity":"","overlay-gradient":""},"tablet":{"background-color":"","background-image":"","background-repeat":"repeat","background-position":"center center","background-size":"auto","background-attachment":"scroll","background-type":"","background-media":"","overlay-type":"","overlay-color":"","overlay-opacity":"","overlay-gradient":""},"mobile":{"background-color":"","background-image":"","background-repeat":"repeat","background-position":"center center","background-size":"auto","background-attachment":"scroll","background-type":"","background-media":"","overlay-type":"","overlay-color":"","overlay-opacity":"","overlay-gradient":""}},"ast-content-background-meta":{"desktop":{"background-color":"var(--ast-global-color-4)","background-image":"","background-repeat":"repeat","background-position":"center center","background-size":"auto","background-attachment":"scroll","background-type":"","background-media":"","overlay-type":"","overlay-color":"","overlay-opacity":"","overlay-gradient":""},"tablet":{"background-color":"var(--ast-global-color-4)","background-image":"","background-repeat":"repeat","background-position":"center center","background-size":"auto","background-attachment":"scroll","background-type":"","background-media":"","overlay-type":"","overlay-color":"","overlay-opacity":"","overlay-gradient":""},"mobile":{"background-color":"var(--ast-global-color-4)","background-image":"","background-repeat":"repeat","background-position":"center center","background-size":"auto","background-attachment":"scroll","background-type":"","background-media":"","overlay-type":"","overlay-color":"","overlay-opacity":"","overlay-gradient":""}},"footnotes":""},"class_list":["post-260","page","type-page","status-publish","hentry"],"translation":{"provider":"WPGlobus","version":"3.0.2","language":"en","enabled_languages":["de","en"],"languages":{"de":{"title":true,"content":true,"excerpt":false},"en":{"title":false,"content":false,"excerpt":false}}},"_links":{"self":[{"href":"https:\/\/skiservice-klostertal.at\/en\/wp-json\/wp\/v2\/pages\/260","targetHints":{"allow":["GET"]}}],"collection":[{"href":"https:\/\/skiservice-klostertal.at\/en\/wp-json\/wp\/v2\/pages"}],"about":[{"href":"https:\/\/skiservice-klostertal.at\/en\/wp-json\/wp\/v2\/types\/page"}],"author":[{"embeddable":true,"href":"https:\/\/skiservice-klostertal.at\/en\/wp-json\/wp\/v2\/users\/1"}],"replies":[{"embeddable":true,"href":"https:\/\/skiservice-klostertal.at\/en\/wp-json\/wp\/v2\/comments?post=260"}],"version-history":[{"count":0,"href":"https:\/\/skiservice-klostertal.at\/en\/wp-json\/wp\/v2\/pages\/260\/revisions"}],"wp:attachment":[{"href":"https:\/\/skiservice-klostertal.at\/en\/wp-json\/wp\/v2\/media?parent=260"}],"curies":[{"name":"wp","href":"https:\/\/api.w.org\/{rel}","templated":true}]}}