{"id":256,"date":"2025-01-20T14:58:54","date_gmt":"2025-01-20T13:58:54","guid":{"rendered":"https:\/\/skiservice-klostertal.at\/?page_id=256"},"modified":"2025-01-20T14:58:54","modified_gmt":"2025-01-20T13:58:54","slug":"allgemeine-geschaeftsbedingungen","status":"publish","type":"page","link":"https:\/\/skiservice-klostertal.at\/en\/allgemeine-geschaeftsbedingungen\/","title":{"rendered":"Allgemeine Gesch\u00e4ftsbedingungen"},"content":{"rendered":"<div class=\"wpb-content-wrapper\"><p>[vc_row][vc_column][vc_column_text css=&#8221;&#8221;]Allgemeine Gesch\u00e4ftsbedingungen (AGB) der Skiservice Klostertal GmbH<\/p>\n<p>&nbsp;<\/p>\n<ul>\n<li>1.Geltungsbereich<\/li>\n<\/ul>\n<p>Diese Allgemeinen Gesch\u00e4ftsbedingungen (AGB) gelten f\u00fcr alle Vertr\u00e4ge, die zwischen der Skiservice Klostertal GmbH (nachfolgend \u201eVermieter\u201c) und dem Kunden (nachfolgend \u201eMieter\u201c) abgeschlossen werden.<\/p>\n<p>&nbsp;<\/p>\n<ul>\n<li>2. Vertragsabschluss<\/li>\n<\/ul>\n<p>Der Mietvertrag kommt durch die schriftliche oder m\u00fcndliche Reservierung der Skiausr\u00fcstung durch den Mieter, die schriftliche Best\u00e4tigung durch den Vermieter und die Unterschrift am Mietbeleg vor Ort zustande.<\/p>\n<p>&nbsp;<\/p>\n<ul>\n<li>3. Mietdauer<\/li>\n<\/ul>\n<p>Die Mietdauer wird bei Vertragsabschluss festgelegt. Eine Verl\u00e4ngerung der Mietdauer bedarf der Zustimmung des Vermieters. Die R\u00fcckgabe der Skiausr\u00fcstung muss sp\u00e4testens am letzten Tag der vereinbarten Mietdauer bis 17.00 Uhr erfolgen. Bei fr\u00fchzeitiger R\u00fcckgabe aus welchen gr\u00fcnden auch immer, erfolgt keine Verg\u00fctung der bezahlten Verleihgeb\u00fchr. Sollte die Ausr\u00fcstung, aus welchen Gr\u00fcnden auch immer, nicht zum vereinbarten Zeitpunkt zur\u00fcck gegeben werden, erfolgt nach l\u00e4ngstens 7 Tagen eine Anzeige wegen Diebstahls gegen den Mieter.<\/p>\n<p>&nbsp;<\/p>\n<ul>\n<li>4. Mietpreis und Zahlung<\/li>\n<\/ul>\n<p>Der Mietpreis richtet sich nach der jeweils g\u00fcltigen Preisliste des Vermieters und ist im Voraus zu bezahlen. Rabatte und Sonderpreise sind nur g\u00fcltig, wenn sie im Mietvertrag schriftlich festgehalten sind. Das Material ist nicht versichert. Eine Zusatzvereinbarung siehe Punkt 7. ist m\u00f6glich.<\/p>\n<p>&nbsp;<\/p>\n<ul>\n<li>5. Kaution<\/li>\n<\/ul>\n<p>Der Vermieter kann eine Kaution verlangen, die bei R\u00fcckgabe der Skiausr\u00fcstung und nach Abzug etwaiger Schadensersatzforderungen zur\u00fcckerstattet wird. Arten der Kaution sind Barzahlungen, Kartenzahlungen oder g\u00fcltige Lichtbildausweise.<\/p>\n<p>&nbsp;<\/p>\n<ul>\n<li>6. Nutzung der Skiausr\u00fcstung<\/li>\n<\/ul>\n<p>Der Mieter verpflichtet sich, die Skiausr\u00fcstung sorgf\u00e4ltig und sachgem\u00e4\u00df zu behandeln. Die Skiausr\u00fcstung darf nur von dem im Mietvertrag angegebenen Mieter benutzt werden.<\/p>\n<p>&nbsp;<\/p>\n<ul>\n<li>7. Haftung des Mieters<\/li>\n<\/ul>\n<p>Der Mieter haftet f\u00fcr alle Sch\u00e4den, die w\u00e4hrend der Mietdauer an der Skiausr\u00fcstung entstehen. Bei Verlust oder Diebstahl der Skiausr\u00fcstung haftet der Mieter in vollem Umfang des Marktwerts der Leihausr\u00fcstung.<\/p>\n<p>Mittels schriftlicher Zusatzvereinbarung und der Bezahlung eines Zuschlages von 10% der Mietsumme, \u00fcbernimmt das Bruch- und Diebstahlrisiko zu 75% der Vermieter. Im Falle von Verlust des Verleihobjekts durch Diebstahl oder Totalschaden werden den Mieter, bei schriftlicher Zusatzvereinbarung, 25% des Marktwerts des Verleihobjekts in Rechnung gestellt.<\/p>\n<p>Im Falle von mutwilliger Zerst\u00f6rung, auch mit Zusatzvereinbarung, wird dem Mieter die Reparatur bzw. der entstandenen Schaden bei Totalschaden, in Rechnung gestellt.<\/p>\n<p>Bei Verlust durch Diebstahl muss der Kunde jedenfalls Anzeige bei der \u00f6rtlichen Polizei erstatten.<\/p>\n<p>&nbsp;<\/p>\n<ul>\n<li>8. Haftung des Vermieters<\/li>\n<\/ul>\n<p>Der Vermieter haftet nur f\u00fcr Sch\u00e4den, die auf Vorsatz oder grober Fahrl\u00e4ssigkeit beruhen. Eine weitergehende Haftung ist ausgeschlossen.<\/p>\n<p>&nbsp;<\/p>\n<ul>\n<li>9. R\u00fcckgabe der Skiausr\u00fcstung<\/li>\n<\/ul>\n<p>Die Skiausr\u00fcstung ist zum vereinbarten Zeitpunkt und in einwandfreiem Zustand zur\u00fcckzugeben. Bei versp\u00e4teter R\u00fcckgabe beh\u00e4lt sich der Vermieter vor, zus\u00e4tzliche Mietgeb\u00fchren zu berechnen.<\/p>\n<p>&nbsp;<\/p>\n<ul>\n<li>10. R\u00fccktritt, Materialtausch und R\u00fcckerstattung<\/li>\n<\/ul>\n<p>R\u00fccktritte durch vorzeitige Materialr\u00fcckgabe sind m\u00f6glich. Diese haben keine R\u00fcckerstattung zur Folge.<\/p>\n<p>Der Umtausch des Verleihobjekts w\u00e4hrend der Vertragsdauer gegen gleichwertige lagernde Verleihobjekte ist einmalig ab einer Leihdauer von 3 Tagen im Verleihpreis inkludiert. In allen anderen F\u00e4llen ist der Umtausch gegen eine Geb\u00fchr mit lagerndem Material m\u00f6glich.<\/p>\n<p>R\u00fcckerstattungen sind nur bei Vorlage eines \u00e4rztlichen Attests vor Ort im Gesch\u00e4ftslokal m\u00f6glich. Wurde bereits ein Teil der gebuchten Leistung in Anspruch genommen, erfolgt eine R\u00fc\ufe0eckerstattung des Entgelts f\u00fc\ufe0er die nicht in Anspruch genommene Leistung in H\u00f6\ufe0ehe der Differenz zwischen dem tats\ufe0e\u00e4chlich bezahlten Entgelt und jenem Entgelt, welches f\ufe0e\u00fcr die tats\ufe0e\u00e4chlich in Anspruch genommene Leistung zu bezahlen gewesen w\u00e4re, wenn die Leistung von vornherein lediglich f\u00fc\ufe0er den Zeitraum der tats\u00e4\ufe0echlichen Inanspruchnahme gebucht worden w\u00e4hre.<\/p>\n<p>Wurde die Leistung an einem Tag zumindest teilweise in Anspruch genommen wird dieser Tag zur G\ufe0e\u00e4nze verrechnet.<\/p>\n<p>Im Fall einer berechtigten Stornierung erfolgt die R\ufe0e\u00fcckerstattung binnen 30 Tagen ab dem Zeitpunkt der Stornierung. Eine Geb\u00fchr von \u20ac\u00a010,- f\u00fcr Spesen u. Bearbeitung wird jedenfalls vom R\u00fcckerstattungsbetrag abgezogen, egal aus welchem Grund diese erfolgt.<\/p>\n<p>Eine R\u00fccktrittsversicherung wird jedenfalls empfohlen.<\/p>\n<p>Wenn die Leistung aus nicht von der Skiservice Klostertal GmbH zu vertretenden Gr\u00fcnden unm\u00f6glich oder unzul\u00e4ssig ist oder (einzelne oder alle) Anlagen gesperrt werden oder \u00fcberf\u00fcllt sind schuldet die Skiservice Klostertal GmbH keine Erstattung. Zu solchen Gr\u00fcnden z\u00e4hlen unter anderem und beispielsweise neben witterungsbedingten Einfl\u00fcssen (zB starker Wind, zu wenig oder zu viel Schnee, usw.) und Lawinengefahr auch Stillstandzeiten wegen Wartungsarbeiten oder technischer St\u00f6rungen, h\u00f6herer Gewalt, beh\u00f6rdlich vorgeschriebener Stillsetzungen oder Sperren oder auch Stillstandzeiten und Sperren, die zwar nicht beh\u00f6rdlich vorgeschrieben sind, aber aus wichtigen Gr\u00fcnden unerl\u00e4sslich sind, insbesondere um die Gesundheit und k\u00f6rperliche Unversehrtheit aller in Betracht kommenden Personen zu sch\u00fctzen. Eine (auch nur teilweise) Refundierung oder R\u00fcckverg\u00fctung des f\u00fcr einen Coupon bezahlten Entgelts aus solchen Gr\u00fcnden ist ausgeschlossen.<\/p>\n<p>&nbsp;<\/p>\n<ul>\n<li>11. Skibindung<\/li>\n<\/ul>\n<p>F\u00fcr die Montage, die Reparatur und \/ oder Einstellung einer Skibindung gelten die AGB Sinngem\u00e4\u00df. Mit ihrer Unterschrift erkl\u00e4ren sie sich mit einer Bindungseinstellung laut geltender Normen f\u00fcr einverstanden. Sie best\u00e4tigen die Korrektheit ihrer Angaben zu ihrer Konstitution und akzeptieren die AGB. Weiters best\u00e4tigen sie die Sichtpr\u00fcfung des Einstellwerts vorgenommen zu haben.<\/p>\n<ul>\n<li>12. Datenschutz<\/li>\n<\/ul>\n<p>Der Vermieter erhebt, verarbeitet und nutzt personenbezogene Daten des Mieters ausschlie\u00dflich zum Zwecke der Vertragsabwicklung. Eine Weitergabe der Daten an Dritte erfolgt nicht. Mails an Kunden zu Informationszwecken werden auf ein Minimum beschr\u00e4nkt.<\/p>\n<p>&nbsp;<\/p>\n<ul>\n<li>13. Schlussbestimmungen<\/li>\n<\/ul>\n<p>Sollten einzelne Bestimmungen dieser AGB unwirksam sein oder werden, bleibt die Wirksamkeit der \u00fcbrigen Bestimmungen unber\u00fchrt. Anstelle der unwirksamen Bestimmung tritt eine Regelung, die dem wirtschaftlichen Zweck der unwirksamen Bestimmung am n\u00e4chsten kommt. \u00c4nderungen und Erg\u00e4nzungen des Vertrags bed\u00fcrfen der Schriftform.<\/p>\n<p>&nbsp;<\/p>\n<ul>\n<li>14. Gerichtsstand<\/li>\n<\/ul>\n<p>Gerichtsstand f\u00fcr alle Streitigkeiten aus diesem Vertrag ist der Sitz des Vermieters. Die Amtssprache ist Deutsch.[\/vc_column_text][\/vc_column][\/vc_row]<\/p>\n<\/div>","protected":false},"excerpt":{"rendered":"<p>[vc_row][vc_column][vc_column_text css=&#8221;&#8221;]Allgemeine Gesch\u00e4ftsbedingungen (AGB) der Skiservice Klostertal GmbH &nbsp; 1.Geltungsbereich Diese Allgemeinen Gesch\u00e4ftsbedingungen (AGB) gelten f\u00fcr alle Vertr\u00e4ge, die zwischen [&hellip;]<\/p>\n","protected":false},"author":1,"featured_media":0,"parent":0,"menu_order":0,"comment_status":"closed","ping_status":"closed","template":"","meta":{"site-sidebar-layout":"no-sidebar","site-content-layout":"plain-container","ast-site-content-layout":"default","site-content-style":"default","site-sidebar-style":"default","ast-global-header-display":"","ast-banner-title-visibility":"","ast-main-header-display":"","ast-hfb-above-header-display":"","ast-hfb-below-header-display":"","ast-hfb-mobile-header-display":"","site-post-title":"disabled","ast-breadcrumbs-content":"","ast-featured-img":"disabled","footer-sml-layout":"","ast-disable-related-posts":"","theme-transparent-header-meta":"","adv-header-id-meta":"","stick-header-meta":"","header-above-stick-meta":"","header-main-stick-meta":"","header-below-stick-meta":"","astra-migrate-meta-layouts":"default","ast-page-background-enabled":"default","ast-page-background-meta":{"desktop":{"background-color":"var(--ast-global-color-5)","background-image":"","background-repeat":"repeat","background-position":"center center","background-size":"auto","background-attachment":"scroll","background-type":"","background-media":"","overlay-type":"","overlay-color":"","overlay-opacity":"","overlay-gradient":""},"tablet":{"background-color":"","background-image":"","background-repeat":"repeat","background-position":"center center","background-size":"auto","background-attachment":"scroll","background-type":"","background-media":"","overlay-type":"","overlay-color":"","overlay-opacity":"","overlay-gradient":""},"mobile":{"background-color":"","background-image":"","background-repeat":"repeat","background-position":"center center","background-size":"auto","background-attachment":"scroll","background-type":"","background-media":"","overlay-type":"","overlay-color":"","overlay-opacity":"","overlay-gradient":""}},"ast-content-background-meta":{"desktop":{"background-color":"var(--ast-global-color-4)","background-image":"","background-repeat":"repeat","background-position":"center center","background-size":"auto","background-attachment":"scroll","background-type":"","background-media":"","overlay-type":"","overlay-color":"","overlay-opacity":"","overlay-gradient":""},"tablet":{"background-color":"var(--ast-global-color-4)","background-image":"","background-repeat":"repeat","background-position":"center center","background-size":"auto","background-attachment":"scroll","background-type":"","background-media":"","overlay-type":"","overlay-color":"","overlay-opacity":"","overlay-gradient":""},"mobile":{"background-color":"var(--ast-global-color-4)","background-image":"","background-repeat":"repeat","background-position":"center center","background-size":"auto","background-attachment":"scroll","background-type":"","background-media":"","overlay-type":"","overlay-color":"","overlay-opacity":"","overlay-gradient":""}},"footnotes":""},"class_list":["post-256","page","type-page","status-publish","hentry"],"translation":{"provider":"WPGlobus","version":"3.0.2","language":"en","enabled_languages":["de","en"],"languages":{"de":{"title":true,"content":true,"excerpt":false},"en":{"title":false,"content":false,"excerpt":false}}},"_links":{"self":[{"href":"https:\/\/skiservice-klostertal.at\/en\/wp-json\/wp\/v2\/pages\/256","targetHints":{"allow":["GET"]}}],"collection":[{"href":"https:\/\/skiservice-klostertal.at\/en\/wp-json\/wp\/v2\/pages"}],"about":[{"href":"https:\/\/skiservice-klostertal.at\/en\/wp-json\/wp\/v2\/types\/page"}],"author":[{"embeddable":true,"href":"https:\/\/skiservice-klostertal.at\/en\/wp-json\/wp\/v2\/users\/1"}],"replies":[{"embeddable":true,"href":"https:\/\/skiservice-klostertal.at\/en\/wp-json\/wp\/v2\/comments?post=256"}],"version-history":[{"count":0,"href":"https:\/\/skiservice-klostertal.at\/en\/wp-json\/wp\/v2\/pages\/256\/revisions"}],"wp:attachment":[{"href":"https:\/\/skiservice-klostertal.at\/en\/wp-json\/wp\/v2\/media?parent=256"}],"curies":[{"name":"wp","href":"https:\/\/api.w.org\/{rel}","templated":true}]}}